{"id":1514,"date":"2023-10-26T17:26:18","date_gmt":"2023-10-26T16:26:18","guid":{"rendered":"https:\/\/dwg.pt\/?page_id=1514"},"modified":"2024-02-15T11:25:24","modified_gmt":"2024-02-15T11:25:24","slug":"termos-e-condicoes","status":"publish","type":"page","link":"https:\/\/dwg.pt\/en\/termos-e-condicoes\/","title":{"rendered":"Terms and conditions"},"content":{"rendered":"<div data-elementor-type=\"wp-page\" data-elementor-id=\"1514\" class=\"elementor elementor-1514\">\n\t\t\t\t\t\t\t<div class=\"elementor-element elementor-element-fb4245c e-con-full e-flex e-con e-parent\" data-id=\"fb4245c\" data-element_type=\"container\" data-settings=\"{&quot;content_width&quot;:&quot;full&quot;,&quot;container_type&quot;:&quot;flex&quot;}\" data-core-v316-plus=\"true\">\n\t\t\t\t<\/div>\n\t\t<div class=\"elementor-element elementor-element-3f214a4 e-flex e-con-boxed e-con e-parent\" data-id=\"3f214a4\" data-element_type=\"container\" data-settings=\"{&quot;container_type&quot;:&quot;flex&quot;,&quot;content_width&quot;:&quot;boxed&quot;}\" data-core-v316-plus=\"true\">\n\t\t\t\t\t<div class=\"e-con-inner\">\n\t\t<div class=\"elementor-element elementor-element-5490df8 e-flex e-con-boxed e-con e-child\" data-id=\"5490df8\" data-element_type=\"container\" data-settings=\"{&quot;container_type&quot;:&quot;flex&quot;,&quot;content_width&quot;:&quot;boxed&quot;}\">\n\t\t\t\t\t<div class=\"e-con-inner\">\n\t\t\t\t<div class=\"elementor-element elementor-element-b49c2d7 elementor-widget elementor-widget-heading\" data-id=\"b49c2d7\" data-element_type=\"widget\" data-widget_type=\"heading.default\">\n\t\t\t\t<div class=\"elementor-widget-container\">\n\t\t\t<style>\/*! elementor - v3.18.0 - 29-11-2023 *\/\n.elementor-heading-title{padding:0;margin:0;line-height:1}.elementor-widget-heading .elementor-heading-title[class*=elementor-size-]>a{color:inherit;font-size:inherit;line-height:inherit}.elementor-widget-heading .elementor-heading-title.elementor-size-small{font-size:15px}.elementor-widget-heading .elementor-heading-title.elementor-size-medium{font-size:19px}.elementor-widget-heading .elementor-heading-title.elementor-size-large{font-size:29px}.elementor-widget-heading .elementor-heading-title.elementor-size-xl{font-size:39px}.elementor-widget-heading .elementor-heading-title.elementor-size-xxl{font-size:59px}<\/style><h2 class=\"elementor-heading-title elementor-size-default\">Terms and conditions<\/h2>\t\t<\/div>\n\t\t\t\t<\/div>\n\t\t\t\t\t<\/div>\n\t\t\t\t<\/div>\n\t\t\t\t\t<\/div>\n\t\t\t\t<\/div>\n\t\t<div class=\"elementor-element elementor-element-334639c e-flex e-con-boxed e-con e-parent\" data-id=\"334639c\" data-element_type=\"container\" data-settings=\"{&quot;container_type&quot;:&quot;flex&quot;,&quot;content_width&quot;:&quot;boxed&quot;}\" data-core-v316-plus=\"true\">\n\t\t\t\t\t<div class=\"e-con-inner\">\n\t\t\t\t<div class=\"elementor-element elementor-element-1cc4b9f elementor-widget elementor-widget-text-editor\" data-id=\"1cc4b9f\" data-element_type=\"widget\" data-widget_type=\"text-editor.default\">\n\t\t\t\t<div class=\"elementor-widget-container\">\n\t\t\t<style>\/*! elementor - v3.18.0 - 29-11-2023 *\/\n.elementor-widget-text-editor.elementor-drop-cap-view-stacked .elementor-drop-cap{background-color:#69727d;color:#fff}.elementor-widget-text-editor.elementor-drop-cap-view-framed .elementor-drop-cap{color:#69727d;border:3px solid;background-color:transparent}.elementor-widget-text-editor:not(.elementor-drop-cap-view-default) .elementor-drop-cap{margin-top:8px}.elementor-widget-text-editor:not(.elementor-drop-cap-view-default) .elementor-drop-cap-letter{width:1em;height:1em}.elementor-widget-text-editor .elementor-drop-cap{float:left;text-align:center;line-height:1;font-size:50px}.elementor-widget-text-editor .elementor-drop-cap-letter{display:inline-block}<\/style>\t\t\t\t<p>O Utilizador fica informado de que o website https:\/\/www.dwg.pt (o \u201cWebsite\u201d) \u00e9 gerido pela empresa DWG CONSULTING LDA., (NIPC 516 973 843), com sede na Avenida Jo\u00e3o XXI, n.\u00ba 43, 4.\u00ba Dto 1000-299 Lisboa &#8211; &nbsp;Tel. +351 928 146 809. Pode obter mais informa\u00e7\u00f5es sobre a DWG CONSULTING LDA., enviando um email para o seguinte endere\u00e7o de correio eletr\u00f3nico:&nbsp;<a href=\"mailto:geral@dwg.pt\">geral@dwg.pt<\/a>.<\/p>\n<p>Estabelecemos os termos e condi\u00e7\u00f5es ao abrigo dos quais estamos a disponibilizar ao Utilizador acesso ao nosso Website. Estes incluem os termos e condi\u00e7\u00f5es que regem:<\/p>\n<ul>\n<li>A utiliza\u00e7\u00e3o do Website por parte do Utilizador (incluindo os seus direitos de liga\u00e7\u00e3o para o Website), conforme estabelecido nos presentes termos e condi\u00e7\u00f5es (os \u201cTermos e Condi\u00e7\u00f5es de Utiliza\u00e7\u00e3o\u201d);<\/li>\n<li>A forma como vamos usar e proteger as informa\u00e7\u00f5es sobre Si (consulte a nossa Pol\u00edtica de Privacidade\u201d em separado).<\/li>\n<\/ul>\n<p>Coletivamente, esses documentos s\u00e3o denominados \u201cTermos e Condi\u00e7\u00f5es\u201d.<\/p>\n<p><strong>&nbsp;<\/strong><\/p>\n<p><strong>Utiliza\u00e7\u00e3o do presente Website<\/strong><\/p>\n<p>O acesso ao Website e a respetiva utiliza\u00e7\u00e3o implica a aceita\u00e7\u00e3o total e o compromisso do Utilizador em respeitar integralmente os Termos e Condi\u00e7\u00f5es. O Utilizador deve ler todos os Termos e Condi\u00e7\u00f5es antes de utilizar o Website. Os Termos e Condi\u00e7\u00f5es revistos estar\u00e3o dispon\u00edveis atrav\u00e9s do Website. Considera-se que o Utilizador aceitou quaisquer altera\u00e7\u00f5es aos Termos e Condi\u00e7\u00f5es depois de ter sido notificado das altera\u00e7\u00f5es na p\u00e1gina inicial do nosso Website e continuar a aceder ou utilizar o Website. O Utilizador n\u00e3o est\u00e1 autorizado a utilizar, ou a fazer com que outros utilizem, qualquer sistema ou software automatizado para extrair conte\u00fado ou dados do nosso Website com fins comerciais. Se n\u00e3o concordar com os presentes Termos e Condi\u00e7\u00f5es o Utilizador n\u00e3o dever\u00e1 utilizar o Website. O acesso ao nosso Website \u00e9 autorizado de forma tempor\u00e1ria. Atualizamos regularmente o nosso Website e, nesses termos, o conte\u00fado do mesmo pode ser alterado a qualquer momento sem aviso pr\u00e9vio ao Utilizador. Reservamo-nos o direito de retirar, alterar, suspender o servi\u00e7o a qualquer momento sem aviso pr\u00e9vio. O Utilizador \u00e9 respons\u00e1vel por desenvolver todas as dilig\u00eancias necess\u00e1rias para ter acesso a este Website. O Utilizador \u00e9 igualmente respons\u00e1vel por garantir que todas as pessoas que acedem ao nosso Website atrav\u00e9s da liga\u00e7\u00e3o do Utilizador \u00e0 Internet tenham conhecimento dos presentes Termos e Condi\u00e7\u00f5es. Tenha em aten\u00e7\u00e3o que a utiliza\u00e7\u00e3o do nosso Website est\u00e1 dependente do facto de o seu computador e\/ou dispositivo port\u00e1til cumprirem as nossas especifica\u00e7\u00f5es t\u00e9cnicas m\u00ednimas e o aviso de compatibilidade. Recomenda-se que o Utilizador verifique estas especifica\u00e7\u00f5es para garantir que o seu computador e\/ou dispositivo port\u00e1til \u00e9 compat\u00edvel com os nossos produtos e servi\u00e7os e n\u00e3o seremos respons\u00e1veis por qualquer falha que surja no Website que resulte de qualquer incompatibilidade (incluindo, nomeadamente, requisitos de armazenamento m\u00ednimo e de mem\u00f3ria, definidos periodicamente). O Utilizador concorda em n\u00e3o utilizar o Website para fins fraudulentos e n\u00e3o praticar qualquer conduta que possa prejudicar a imagem, os interesses e os direitos da DWG CONSULTING nem de terceiros. O Utilizador tamb\u00e9m concorda em n\u00e3o praticar qualquer ato que cause danos, desative ou sobrecarregue o Website, ou que possa prejudicar, de alguma forma, a utiliza\u00e7\u00e3o normal e a opera\u00e7\u00e3o do mesmo. O Utilizador fica informado de que no caso de viola\u00e7\u00e3o das disposi\u00e7\u00f5es dos presentes Termos e Condi\u00e7\u00f5es ou da Pol\u00edtica de Privacidade, reservamo-nos o direito a limitar, suspender ou fazer cessar o acesso do Utilizador do Website, tomando todas as medidas t\u00e9cnicas para o efeito.<\/p>\n<p><span style=\"font-style: inherit; font-weight: inherit; text-align: var(--text-align); background-color: var(--ast-global-color-4);\">&nbsp;<\/span><\/p>\n<p><strong><span style=\"font-style: inherit; text-align: var(--text-align); background-color: var(--ast-global-color-4);\">Confian\u00e7a nas informa\u00e7\u00f5es publicadas<\/span><\/strong><\/p>\n<p><span style=\"font-style: inherit; font-weight: inherit; text-align: var(--text-align); background-color: var(--ast-global-color-4);\">Os materiais publicados no nosso Website n\u00e3o constituem qualquer aconselhamento e n\u00e3o devem ser considerados como tal. Nesses termos estamos isentos de qualquer obriga\u00e7\u00e3o e responsabilidade decorrentes de qualquer confian\u00e7a depositada em tal informa\u00e7\u00e3o na m\u00e1xima extens\u00e3o permitida pela legisla\u00e7\u00e3o local.<\/span><\/p>\n<p><span style=\"font-style: inherit; font-weight: inherit; text-align: var(--text-align); background-color: var(--ast-global-color-4);\">&nbsp;<\/span><\/p>\n<p><strong><span style=\"font-style: inherit; text-align: var(--text-align); background-color: var(--ast-global-color-4);\">Propriedade intelectual e industrial<\/span><\/strong><\/p>\n<p>Todos os direitos de propriedade intelectual e industrial sobre todas as informa\u00e7\u00f5es, imagens, o nosso log\u00f3tipo, marcas de servi\u00e7o, nomes comerciais, marcas registadas e outros conte\u00fados exibidos no Website, seus designs, gr\u00e1ficos e c\u00f3digos-fonte (\u201cMateriais\u201d) s\u00e3o propriedade da DWG CONSULTING LDA ou licenciadas a n\u00f3s pelos nossos licenciantes e a utiliza\u00e7\u00e3o do Website e dos Materiais por parte do Utilizador est\u00e1 sujeita \u00e0s restri\u00e7\u00f5es seguintes. O Utilizador pode aceder, visualizar e imprimir uma c\u00f3pia deste Website e de todos os Materiais estritamente de acordo com os Termos e Condi\u00e7\u00f5es. Para este efeito, o Utilizador apenas poder\u00e1 visualizar, imprimir, usar, referir e citar o Website e os Materiais para seu pr\u00f3prio uso pessoal e n\u00e3o comercial e com a condi\u00e7\u00e3o de que o Utilizador nos preste o reconhecimento adequado. O Utilizador dever\u00e1 cumprir as disposi\u00e7\u00f5es do C\u00f3digo de Propriedade Intelectual Portugu\u00eas. A utiliza\u00e7\u00e3o do Website por parte do Utilizador n\u00e3o implica a atribui\u00e7\u00e3o de qualquer direito de propriedade intelectual e\/ou industrial sobre o Website e\/ou sobre os Materiais. Para esse efeito, ao abrigo dos presentes Termos e Condi\u00e7\u00f5es, \u00e9 expressamente proibido para o Utilizador, exceto nos casos em que tal seja permitido por lei ou a DWG CONSULTING LDA tiver concedido autoriza\u00e7\u00e3o pr\u00e9via para o efeito:<\/p>\n<ul>\n<li>Retirar qualquer notifica\u00e7\u00e3o de direitos de autor ou de outros direitos exclusivos sobre os Materiais;<\/li>\n<li>Usar quaisquer Materiais do Website de qualquer forma que possa violar quaisquer direitos de autor, direitos de propriedade intelectual ou qualquer direito exclusivo nosso ou de quaisquer terceiros; ou<\/li>\n<li>Reproduzir, modificar, exibir, executar, publicar, distribuir, divulgar, transmitir, enquadrar, comunicar ao p\u00fablico ou transmitir a terceiros ou explorar este Website e\/ou os Materiais para qualquer finalidade comercial, sem o nosso consentimento pr\u00e9vio por escrito.<\/li>\n<\/ul>\n<p><strong><br><\/strong><\/p>\n<p><strong>Liga\u00e7\u00e3o para o nosso Website<\/strong><\/p>\n<p>O Utilizador pode criar uma liga\u00e7\u00e3o para qualquer p\u00e1gina do Website, para fins n\u00e3o comerciais, desde que o fa\u00e7a de forma correta e dentro da legalidade e que n\u00e3o prejudique a nossa reputa\u00e7\u00e3o nem retire vantagem da mesma. Para evitar d\u00favidas, o site onde existem as liga\u00e7\u00f5es n\u00e3o pode conter qualquer conte\u00fado ilegal ou para adultos que seja ofensivo, consista em ass\u00e9dio ou seja, de qualquer outra forma question\u00e1vel e n\u00e3o poder\u00e3o ser efetuadas no website que cont\u00e9m as liga\u00e7\u00f5es declara\u00e7\u00f5es falsas, imprecisas nem incorretas sobre o Website nem sobre a DWG CONSULTING. O Utilizador n\u00e3o pode efetuar liga\u00e7\u00f5es para o nosso Website de forma a sugerir qualquer tipo de associa\u00e7\u00e3o, aprova\u00e7\u00e3o ou recomenda\u00e7\u00e3o da nossa parte, quando isso n\u00e3o acontece. O Utilizador n\u00e3o pode remover nem ocultar atrav\u00e9s de enquadramento ou sob qualquer outra forma, an\u00fancios, qualquer aviso de direitos de autor nem quaisquer outras informa\u00e7\u00f5es publicadas no Website. O nosso Website n\u00e3o pode ser enquadrado em nenhum outro site. Se a DWG CONSULTING LDA, autorizar a cria\u00e7\u00e3o de uma liga\u00e7\u00e3o (&#8220;link&#8221;), ele ser\u00e1 criado nos seguintes termos:<\/p>\n<ul>\n<li>A liga\u00e7\u00e3o apenas poder\u00e1 remeter para a p\u00e1gina inicial do Website;<\/li>\n<li>Em nenhum caso a autoriza\u00e7\u00e3o concedida pela DWG CONSULTING significa que: (i) patrocina, colabora com, verifica ou supervisiona o conte\u00fado e\/ou os servi\u00e7os prestados atrav\u00e9s do Site com Liga\u00e7\u00f5es; ou que (ii) \u00e9 respons\u00e1vel pelo conte\u00fado do Site com Liga\u00e7\u00f5es;<\/li>\n<li>O Site com Liga\u00e7\u00f5es deve estar em total conformidade com a Lei e nunca poder\u00e1 alojar conte\u00fado pr\u00f3prio ou de terceiros que: (i) seja ilegal ou nocivo ou que seja contr\u00e1rio \u00e0 \u00e9tica e aos bons costumes (conte\u00fado pornogr\u00e1fico, violento, racista, etc.); (ii) induza em erro ou possa induzir o Utilizador \u00e0 ideia errada de que a DWG CONSULTING subscreve, sustenta, adere ou apoia de qualquer outra forma subscreve as ideias, declara\u00e7\u00f5es ou express\u00f5es, l\u00edcitas ou il\u00edcitas, do remetente; e que (iii) seja inadequado ou irrelevante em rela\u00e7\u00e3o \u00e0 atividade da DWG CONSULTING.<\/li>\n<\/ul>\n<p>Reservamo-nos o direito de retirar, alterar ou suspender a autoriza\u00e7\u00e3o para a cria\u00e7\u00e3o de liga\u00e7\u00f5es a qualquer momento e sem aviso pr\u00e9vio. Em qualquer dos casos, no caso de viola\u00e7\u00e3o de qualquer um dos termos supra, a DWG CONSULTING LDA, dever\u00e1 atuar imediatamente e sem aviso pr\u00e9vio no sentido de desativar a liga\u00e7\u00e3o. A privacidade dos seus dados pessoais \u00e9 importante para n\u00f3s. Podemos recolher informa\u00e7\u00f5es sobre Si atrav\u00e9s dos formul\u00e1rios de recolha de dados inclu\u00eddos no Website. Consulte a nossa Pol\u00edtica de Privacidade ou detalhes sobre como iremos tratar os seus dados pessoais.<\/p>\n<p><\/p>\n<p><strong><br><\/strong><\/p>\n<p><strong>Sites de Terceiros<\/strong><\/p>\n<p>O nosso Website e\/ou os Materiais podem conter liga\u00e7\u00f5es para websites de terceiros, por exemplo [LinkedIn, Twitter e YouTube] (os \u201cSites de Terceiros\u201d). A DWG CONSULTING n\u00e3o ser\u00e1 respons\u00e1vel pelos servi\u00e7os nem pelo conte\u00fado fornecidos atrav\u00e9s dos Sites de Terceiros, exceto no caso de ter conhecimento real da sua ilegalidade e n\u00e3o tiver desativado a liga\u00e7\u00e3o com a dilig\u00eancia devida. Em nenhum caso, a exist\u00eancia de Sites de Terceiros implica qualquer recomenda\u00e7\u00e3o, promo\u00e7\u00e3o, identifica\u00e7\u00e3o ou conformidade da DWG CONSULTING relativamente \u00e0s declara\u00e7\u00f5es, conte\u00fado ou servi\u00e7os prestados atrav\u00e9s dos Sites de Terceiros. Consequentemente, a DWG CONSULTING n\u00e3o ser\u00e1 respons\u00e1vel pelo conte\u00fado dos Sites de Terceiros, pelas condi\u00e7\u00f5es de utiliza\u00e7\u00e3o nem pelas pol\u00edticas de privacidade dos Sites de Terceiros, e o Utilizador \u00e9 respons\u00e1vel pela sua verifica\u00e7\u00e3o e aceita\u00e7\u00e3o sempre que aceder e utilizar os Sites de Terceiros. A sua navega\u00e7\u00e3o e intera\u00e7\u00e3o em qualquer outro website, incluindo os Sites de Terceiros, est\u00e3o sujeitas \u00e0s pr\u00f3prias regras e pol\u00edticas do website, incluindo em rela\u00e7\u00e3o \u00e0 privacidade. Dever\u00e1 ler essas regras e pol\u00edticas antes de prosseguir. Se decidir visitar qualquer Site de Terceiros, efetuar\u00e1 essa visita por sua conta e risco. N\u00e3o somos respons\u00e1veis pelo conte\u00fado, exatid\u00e3o ou opini\u00f5es expressas nos referidos websites. As Liga\u00e7\u00f5es n\u00e3o implicam que somos, ou que o nosso Website \u00e9, filiado ou associado dos referidos sites. A inclus\u00e3o de qualquer liga\u00e7\u00e3o no nosso Website ou nas nossas comunica\u00e7\u00f5es consigo n\u00e3o implica qualquer recomenda\u00e7\u00e3o nossa (ou das nossas empresa-m\u00e3e, subsidi\u00e1rias ou filiadas, ou qualquer cliente dos mesmos) do site ligado. Se decidir visitar qualquer website de um terceiro, efetuar\u00e1 essa visita por sua conta e risco. Recorde que quando utiliza uma liga\u00e7\u00e3o para ir do nosso Website para outro website, os presentes Termos e Condi\u00e7\u00f5es, incluindo a nossa Pol\u00edtica de Privacidade, deixam de produzir efeitos e, portanto, dever\u00e1 ler os termos e condi\u00e7\u00f5es inclu\u00eddos nesses Sites de Terceiros.<\/p>\n<p><\/p>\n<p><strong><br><\/strong><\/p>\n<p><strong>Informa\u00e7\u00f5es no Website<\/strong><\/p>\n<p>Se o Utilizador ou qualquer outro Utilizador da Internet tiver conhecimento que qualquer informa\u00e7\u00e3o ou conte\u00fado do Website ou disponibilizado atrav\u00e9s do Website \u00e9 ilegal, prejudica os direitos de terceiros, viola os Termos e Condi\u00e7\u00f5es ou \u00e9, de qualquer outra forma, nocivo ou contr\u00e1rio aos bons padr\u00f5es morais ou \u00e0 ordem p\u00fablica, o Utilizador pode entrar em contacto com a DWG CONSULTING para o seguinte endere\u00e7o de correio eletr\u00f3nico&nbsp;<a href=\"mailto:geral@cognitive.pt\">geral@dwg.pt<\/a>.<\/p>\n<p><\/p>\n<p><strong><br><\/strong><\/p>\n<p><strong>Devendo indicar:<\/strong><\/p>\n<ul>\n<li>Os seus dados de contacto<\/li>\n<li>Nome e endere\u00e7o de correio eletr\u00f3nico;<\/li>\n<li>Descri\u00e7\u00e3o dos factos que demonstram que o conte\u00fado ou as informa\u00e7\u00f5es s\u00e3o ilegais ou inadequadas e o endere\u00e7o espec\u00edfico no qual est\u00e3o dispon\u00edveis;<\/li>\n<li>Em caso de viola\u00e7\u00e3o de direitos de terceiros, como por exemplo direitos de propriedade intelectual e industrial, os dados do titular do direito infringido t\u00eam de ser indicados se a pessoa ou entidade em causa n\u00e3o for a parte notificante. Tamb\u00e9m tem de ser apresentado o instrumento que comprove a propriedade dos direitos violados e, se for o caso, as procura\u00e7\u00f5es para atuar em nome do titular, nos casos em que o titular for uma pessoa que n\u00e3o seja a parte notificante. A rece\u00e7\u00e3o por parte da DWG CONSULTING LDA, do aviso acima mencionado nunca implica o conhecimento real das atividades e\/ou do conte\u00fado declarado pela parte notificante, quando isso n\u00e3o for \u00f3bvio ou evidente. Em qualquer dos casos, a DWG CONSULTING LDA, mant\u00e9m o direito de suspender ou remover o conte\u00fado que, mesmo que n\u00e3o seja ilegal, viola as normas estabelecidas nos Termos e Condi\u00e7\u00f5es, tendo em conta, em cada caso, os bens jur\u00eddicos em causa. Nestes termos, se considerar que os Sites de Terceiros cont\u00eam conte\u00fado ilegal, nocivo, difamante, violento ou inadequado, poder\u00e1 comunicar esse facto \u00e0 DWG CONSULTING para o endere\u00e7o de correio eletr\u00f3nico seguinte:&nbsp;geral@dwg.pt<span style=\"font-size: 16px;\">. No entanto, essa notifica\u00e7\u00e3o nunca implicar\u00e1 a obriga\u00e7\u00e3o da DWG CONSULTING de remover a liga\u00e7\u00e3o em causa nem implica necessariamente o conhecimento real por parte da DWG CONSULTING da ilegalidade do conte\u00fado do Site do Terceiro nos termos da legisla\u00e7\u00e3o aplic\u00e1vel.<\/span><\/li>\n<\/ul>\n<p><strong><br><\/strong><\/p><p><strong>A nossa responsabilidade<\/strong><\/p>\n<p>Em toda a extens\u00e3o permitida por lei, exclu\u00edmos e recusamos conceder quaisquer garantias, termos, condi\u00e7\u00f5es e declara\u00e7\u00f5es que possam estar impl\u00edcitas por lei em rela\u00e7\u00e3o ao presente Website. Em particular, n\u00e3o declaramos nem garantimos que o Website esteja isento de erros, isento de v\u00edrus ou outros componentes prejudiciais, ou que as falhas ser\u00e3o corrigidas. O Utilizador tem de tomar as suas pr\u00f3prias precau\u00e7\u00f5es a este respeito. N\u00e3o aceitamos qualquer responsabilidade por qualquer falha na manuten\u00e7\u00e3o do Website. N\u00e3o nos responsabilizamos, ao abrigo dos presentes Termos e Condi\u00e7\u00f5es, por quaisquer danos indiretos, especiais, incidentais ou consequenciais ou outros, mesmo se avisados sobre a possibilidade de ocorr\u00eancia desses danos. Os Materiais podem conter imprecis\u00f5es e erros tipogr\u00e1ficos. N\u00e3o garantimos o rigor ou integralidade dos Materiais. N\u00e3o seremos respons\u00e1veis por qualquer perda causada em resultado das suas a\u00e7\u00f5es ou omiss\u00f5es com base nos Materiais dispon\u00edveis neste Website. Entretanto, nada nos presentes Termos e Condi\u00e7\u00f5es afetar\u00e1 os direitos legais do Utilizador, e nada nos presentes Termos e Condi\u00e7\u00f5es excluir\u00e1 nossa responsabilidade por: (i) morte ou danos pessoais causados por neglig\u00eancia nossa; (ii) falsas declara\u00e7\u00f5es; e\/ou (iii) quaisquer outras perdas ou danos que n\u00e3o possam ser exclu\u00eddos por n\u00f3s ao abrigo da legisla\u00e7\u00e3o aplic\u00e1vel.<\/p>\n<p><\/p>\n<p><strong><br><\/strong><\/p><p><strong>Conformidade legal e legisla\u00e7\u00e3o aplic\u00e1vel<\/strong><\/p>\n<p>Os presentes Termos e Condi\u00e7\u00f5es ser\u00e3o regidos pela legisla\u00e7\u00e3o Portuguesa e qualquer quest\u00e3o ou lit\u00edgio emergente dos mesmos estar\u00e1 sujeito \u00e0 jurisdi\u00e7\u00e3o competente. O Utilizador aceita, expressamente e sem quaisquer qualifica\u00e7\u00f5es, que ir\u00e1 aceder e utilizar o Website \u00fanica e exclusivamente ao abrigo da Sua pr\u00f3pria responsabilidade e que \u00e9 respons\u00e1vel pelo cumprimento da legisla\u00e7\u00e3o aplic\u00e1vel relativamente \u00e0 utiliza\u00e7\u00e3o ou em conex\u00e3o com o Website. A este respeito, o Utilizador compromete-se a n\u00e3o utilizar o Website para fins fraudulentos, n\u00e3o prejudicando atrav\u00e9s da sua conduta a imagem, os interesses ou direitos da DWG CONSULTING LDA, ou de terceiros. Al\u00e9m disso, o Utilizador compromete-se a n\u00e3o praticar qualquer ato que vise prejudicar, inutilizar ou sobrecarregar o Website ou que possa impedir, de qualquer forma, a sua utiliza\u00e7\u00e3o e funcionamento normais. Na medida em que o Website ou qualquer atividade prevista no mesmo infrinja qualquer ordenamento jur\u00eddico que n\u00e3o o Portugu\u00eas, nesse caso o Utilizador est\u00e1 proibido de aceder ou utilizar o Website ou de tentar levar a cabo qualquer atividade ilegal nesse sentido e a presente disposi\u00e7\u00e3o prevalecer\u00e1 sobre todas as outras disposi\u00e7\u00f5es dos presentes Termos e Condi\u00e7\u00f5es. A este respeito, o Utilizador \u00e9 informado que, caso viole os Termos e Condi\u00e7\u00f5es ou quaisquer outros termos ou condi\u00e7\u00f5es inclu\u00eddas no Website, a DWG CONSULTING LDA, reserva-se o direito de limitar, suspender ou encerrar o seu acesso ao Website, adotando qualquer medida t\u00e9cnica necess\u00e1ria para esse efeito. Adicionalmente, a DWG CONSULTING LDA, reserva-se o direito de adotar essas medidas no caso de ter qualquer suspeita razo\u00e1vel de que o Utilizador est\u00e1 a violar qualquer dos termos e condi\u00e7\u00f5es dos instrumentos indicados supra. Se qualquer uma das disposi\u00e7\u00f5es dos Termos e Condi\u00e7\u00f5es for declarada nula, a mesma dever\u00e1 ser removida ou substitu\u00edda. Em qualquer dos casos, essa declara\u00e7\u00e3o de nulidade n\u00e3o afetar\u00e1 as restantes disposi\u00e7\u00f5es dos Termos e Condi\u00e7\u00f5es.<\/p>\n<p><\/p>\n<p><strong><br><\/strong><\/p><p><strong>Contacte-nos<\/strong><\/p>\n<p>Se tiver quaisquer d\u00favidas ou perguntas sobre o conte\u00fado constante do nosso Website ou se tiver d\u00favidas sobre a utiliza\u00e7\u00e3o do presente Website ou dos presentes Termos e Condi\u00e7\u00f5es, por favor envie-nos um email para&nbsp;<a href=\"mailto:geral@cognitive.pt\">geral@dwg.pt<\/a>. Se tiver alguma sugest\u00e3o para melhorias ou adi\u00e7\u00f5es que gostaria de ver no Website, por favor envie-nos um email para&nbsp;<a href=\"mailto:geral@cognitive.pt\">geral@dwg.pt<\/a>. O nosso endere\u00e7o postal para correspond\u00eancia \u00e9:<\/p>\n<p>DWG CONSULTING, LDA.<br>Avenida Jo\u00e3o XXI, n.\u00ba 43, 4\u00ba Dto.<br>1000-299 Lisboa, PORTUGAL<\/p>\t\t\t\t\t\t<\/div>\n\t\t\t\t<\/div>\n\t\t\t\t\t<\/div>\n\t\t\t\t<\/div>\n\t\t<div class=\"elementor-element elementor-element-a08a522 e-flex e-con-boxed e-con e-parent\" data-id=\"a08a522\" data-element_type=\"container\" data-settings=\"{&quot;container_type&quot;:&quot;flex&quot;,&quot;content_width&quot;:&quot;boxed&quot;}\" data-core-v316-plus=\"true\">\n\t\t\t\t\t<div class=\"e-con-inner\">\n\t\t\t\t\t<\/div>\n\t\t\t\t<\/div>\n\t\t\t\t\t\t\t<\/div>","protected":false},"excerpt":{"rendered":"<p>Termos e condi\u00e7\u00f5es O Utilizador fica informado de que o website https:\/\/www.dwg.pt (o \u201cWebsite\u201d) \u00e9 gerido pela empresa DWG CONSULTING LDA., (NIPC 516 973 843), com sede na Avenida Jo\u00e3o XXI, n.\u00ba 43, 4.\u00ba Dto 1000-299 Lisboa &#8211; &nbsp;Tel. +351 928 146 809. Pode obter mais informa\u00e7\u00f5es sobre a DWG CONSULTING LDA., enviando um email &hellip;<\/p>\n<p class=\"read-more\"> <a class=\"\" href=\"https:\/\/dwg.pt\/en\/termos-e-condicoes\/\"> <span class=\"screen-reader-text\">Terms and conditions<\/span> Read More &raquo;<\/a><\/p>","protected":false},"author":1,"featured_media":0,"parent":0,"menu_order":0,"comment_status":"closed","ping_status":"closed","template":"","meta":{"site-sidebar-layout":"no-sidebar","site-content-layout":"page-builder","ast-global-header-display":"","ast-main-header-display":"","ast-hfb-above-header-display":"","ast-hfb-below-header-display":"","ast-hfb-mobile-header-display":"","site-post-title":"disabled","ast-breadcrumbs-content":"","ast-featured-img":"disabled","footer-sml-layout":"","theme-transparent-header-meta":"","adv-header-id-meta":"","stick-header-meta":"","header-above-stick-meta":"","header-main-stick-meta":"","header-below-stick-meta":"","footnotes":""},"_links":{"self":[{"href":"https:\/\/dwg.pt\/en\/wp-json\/wp\/v2\/pages\/1514"}],"collection":[{"href":"https:\/\/dwg.pt\/en\/wp-json\/wp\/v2\/pages"}],"about":[{"href":"https:\/\/dwg.pt\/en\/wp-json\/wp\/v2\/types\/page"}],"author":[{"embeddable":true,"href":"https:\/\/dwg.pt\/en\/wp-json\/wp\/v2\/users\/1"}],"replies":[{"embeddable":true,"href":"https:\/\/dwg.pt\/en\/wp-json\/wp\/v2\/comments?post=1514"}],"version-history":[{"count":22,"href":"https:\/\/dwg.pt\/en\/wp-json\/wp\/v2\/pages\/1514\/revisions"}],"predecessor-version":[{"id":2175,"href":"https:\/\/dwg.pt\/en\/wp-json\/wp\/v2\/pages\/1514\/revisions\/2175"}],"wp:attachment":[{"href":"https:\/\/dwg.pt\/en\/wp-json\/wp\/v2\/media?parent=1514"}],"curies":[{"name":"wp","href":"https:\/\/api.w.org\/{rel}","templated":true}]}}