{"id":2101,"date":"2024-02-14T22:51:15","date_gmt":"2024-02-14T22:51:15","guid":{"rendered":"https:\/\/dwg.pt\/?page_id=2101"},"modified":"2024-02-15T11:27:15","modified_gmt":"2024-02-15T11:27:15","slug":"politicas-de-privacidade","status":"publish","type":"page","link":"https:\/\/dwg.pt\/en\/politicas-de-privacidade\/","title":{"rendered":"Pol\u00edticas de privacidade"},"content":{"rendered":"<div data-elementor-type=\"wp-page\" data-elementor-id=\"2101\" class=\"elementor elementor-2101\">\n\t\t\t\t\t\t\t<div class=\"elementor-element elementor-element-6e1a206 e-flex e-con-boxed e-con e-parent\" data-id=\"6e1a206\" data-element_type=\"container\" data-settings=\"{&quot;container_type&quot;:&quot;flex&quot;,&quot;content_width&quot;:&quot;boxed&quot;}\" data-core-v316-plus=\"true\">\n\t\t\t\t\t<div class=\"e-con-inner\">\n\t\t\t\t\t<\/div>\n\t\t\t\t<\/div>\n\t\t<div class=\"elementor-element elementor-element-45246ff e-flex e-con-boxed e-con e-parent\" data-id=\"45246ff\" data-element_type=\"container\" data-settings=\"{&quot;container_type&quot;:&quot;flex&quot;,&quot;content_width&quot;:&quot;boxed&quot;}\" data-core-v316-plus=\"true\">\n\t\t\t\t\t<div class=\"e-con-inner\">\n\t\t<div class=\"elementor-element elementor-element-700c5a3 e-flex e-con-boxed e-con e-child\" data-id=\"700c5a3\" data-element_type=\"container\" data-settings=\"{&quot;container_type&quot;:&quot;flex&quot;,&quot;content_width&quot;:&quot;boxed&quot;}\">\n\t\t\t\t\t<div class=\"e-con-inner\">\n\t\t\t\t<div class=\"elementor-element elementor-element-c9b4711 elementor-widget elementor-widget-heading\" data-id=\"c9b4711\" data-element_type=\"widget\" data-widget_type=\"heading.default\">\n\t\t\t\t<div class=\"elementor-widget-container\">\n\t\t\t<style>\/*! elementor - v3.18.0 - 29-11-2023 *\/\n.elementor-heading-title{padding:0;margin:0;line-height:1}.elementor-widget-heading .elementor-heading-title[class*=elementor-size-]>a{color:inherit;font-size:inherit;line-height:inherit}.elementor-widget-heading .elementor-heading-title.elementor-size-small{font-size:15px}.elementor-widget-heading .elementor-heading-title.elementor-size-medium{font-size:19px}.elementor-widget-heading .elementor-heading-title.elementor-size-large{font-size:29px}.elementor-widget-heading .elementor-heading-title.elementor-size-xl{font-size:39px}.elementor-widget-heading .elementor-heading-title.elementor-size-xxl{font-size:59px}<\/style><h2 class=\"elementor-heading-title elementor-size-default\">POL\u00cdTICA DE PRIVACIDADE<\/h2>\t\t<\/div>\n\t\t\t\t<\/div>\n\t\t\t\t\t<\/div>\n\t\t\t\t<\/div>\n\t\t\t\t\t<\/div>\n\t\t\t\t<\/div>\n\t\t<div class=\"elementor-element elementor-element-1c48f23 e-flex e-con-boxed e-con e-parent\" data-id=\"1c48f23\" data-element_type=\"container\" data-settings=\"{&quot;container_type&quot;:&quot;flex&quot;,&quot;content_width&quot;:&quot;boxed&quot;}\" data-core-v316-plus=\"true\">\n\t\t\t\t\t<div class=\"e-con-inner\">\n\t\t\t\t<div class=\"elementor-element elementor-element-bb778f3 elementor-widget elementor-widget-text-editor\" data-id=\"bb778f3\" data-element_type=\"widget\" data-widget_type=\"text-editor.default\">\n\t\t\t\t<div class=\"elementor-widget-container\">\n\t\t\t<style>\/*! elementor - v3.18.0 - 29-11-2023 *\/\n.elementor-widget-text-editor.elementor-drop-cap-view-stacked .elementor-drop-cap{background-color:#69727d;color:#fff}.elementor-widget-text-editor.elementor-drop-cap-view-framed .elementor-drop-cap{color:#69727d;border:3px solid;background-color:transparent}.elementor-widget-text-editor:not(.elementor-drop-cap-view-default) .elementor-drop-cap{margin-top:8px}.elementor-widget-text-editor:not(.elementor-drop-cap-view-default) .elementor-drop-cap-letter{width:1em;height:1em}.elementor-widget-text-editor .elementor-drop-cap{float:left;text-align:center;line-height:1;font-size:50px}.elementor-widget-text-editor .elementor-drop-cap-letter{display:inline-block}<\/style>\t\t\t\t<p><strong>Declara\u00e7\u00e3o de privacidade<\/strong><\/p>\n<p>A DWG CONSULTING est\u00e1 empenhada em proteger a privacidade dos seus Clientes e Fornecedores, e demais utilizadores do website de que \u00e9 titular. Neste contexto, elaborou a presente Pol\u00edtica de Privacidade com a finalidade de demonstrar o seu compromisso e respeito para com as regras de Privacidade, bem como o cumprimento de todas as disposi\u00e7\u00f5es legais em vigor relativas \u00e0 prote\u00e7\u00e3o dos dados pessoais, designadamente as constantes do Regulamento Geral de Prote\u00e7\u00e3o de Dados (RGPD). As regras previstas nesta Pol\u00edtica de Privacidade complementam as disposi\u00e7\u00f5es em mat\u00e9ria de prote\u00e7\u00e3o e tratamento de dados pessoais previstas em contratos que tenham sido celebrados com a DWG CONSULTING, assim como as regras publicadas nos Termos e Condi\u00e7\u00f5es do presente website da DWG CONSULTING.<\/p><p><strong><br><\/strong><\/p><p><strong>Respons\u00e1vel pelo tratamento de dados<\/strong><\/p>\n<p>Sem preju\u00edzo do conte\u00fado da presente Pol\u00edtica, a DWG CONSULTING \u00e9 a entidade respons\u00e1vel pelo tratamento dos dados pessoais dos seus clientes e\/ou potenciais clientes, pelo que se mant\u00e9m dispon\u00edvel para prestar qualquer informa\u00e7\u00e3o ou esclarecer qualquer d\u00favida que mantenha relativamente \u00e0 recolha, tratamento ou prote\u00e7\u00e3o dos seus dados pessoais e aos direitos que lhe assistem enquanto titular dos dados, pelo que poder\u00e1 enviar as suas quest\u00f5es para:<\/p>\n<p>DWG CONSULTING LDA.<br>Ac. Respons\u00e1vel pela Privacidade<\/p>\n<p>Avenida Jo\u00e3o XXI, n.\u00ba 43, 4.\u00ba Dto. 1000-299 Lisboa<br>Telefone: +351 928 146 809 <br>Endere\u00e7o de correio eletr\u00f3nico:&nbsp;geral@dwg.pt<\/p>\n<p><\/p>\n<p><strong style=\"font-style: inherit; text-align: var(--text-align); background-color: var(--ast-global-color-4); color: var( --e-global-color-primary );\"><br><\/strong><\/p><p><strong style=\"font-style: inherit; text-align: var(--text-align); background-color: var(--ast-global-color-4); color: var( --e-global-color-primary );\">Dados pessoais<\/strong><br><\/p>\n<p>O RGPD define &#8220;dados pessoais&#8221;, de modo abrangente, como &#8220;informa\u00e7\u00e3o relativa a uma pessoa singular identificada ou identific\u00e1vel&#8221;. \u00c9 considerada identific\u00e1vel a pessoa que possa ser identificada, direta ou indiretamente, atrav\u00e9s, por exemplo, do nome, do n\u00famero de identifica\u00e7\u00e3o pessoal, de um dado de localiza\u00e7\u00e3o, de um identificador eletr\u00f3nico ou outros elementos que permitam chegar \u00e0 identifica\u00e7\u00e3o dessa pessoa singular. A DWG CONSULTING, no \u00e2mbito da sua atividade, procede \u00e0 recolha e ao tratamento dos dados pessoais necess\u00e1rios \u00e0 presta\u00e7\u00e3o de servi\u00e7os e fornecimento de produtos, tratando nesse \u00e2mbito dados como o nome, a morada, a idade, o n\u00famero de identifica\u00e7\u00e3o pessoal e fiscal, o n\u00famero de telefone, o n\u00famero de telem\u00f3vel e o endere\u00e7o de correio eletr\u00f3nico, entre outros. A DWG CONSULTING poder\u00e1, igualmente, recolher outros dados, consoante o momento e a atividade que pretenda desenvolver.<\/p>\n<p><\/p>\n<p><strong><br><\/strong><\/p><p><strong>Recolha de dados<\/strong><\/p>\n<p>Os dados pessoais ser\u00e3o recolhidos diretamente junto do respetivo titular, garantindo sempre a DWG CONSULTING a obten\u00e7\u00e3o de consentimento pr\u00e9vio e a presta\u00e7\u00e3o de todas as informa\u00e7\u00f5es legalmente exigidas. Quando os dados sejam recolhidos no \u00e2mbito de uma obriga\u00e7\u00e3o legal ou no cumprimento de um contrato, esse consentimento poder\u00e1 ser dispensado. A DWG CONSULTING recolhe os dados por escrito ou atrav\u00e9s dos seus websites, mediante o consentimento do titular. Por regra, os dados pessoais s\u00e3o recolhidos quando o Cliente interage com os servi\u00e7os ou campanhas executadas pela DWG CONSULTING. Alguns dados pessoais s\u00e3o de fornecimento obrigat\u00f3rio e, em caso de falta ou insufici\u00eancia desses dados, a DWG CONSULTING n\u00e3o poder\u00e1 disponibilizar o produto ou servi\u00e7o em causa, pelo que os Clientes ser\u00e3o informados da natureza obrigat\u00f3ria do fornecimento dos dados.<\/p>\n<p><\/p>\n<p><strong><br><\/strong><\/p><p><strong>Finalidade do tratamento dos dados pessoais<\/strong><\/p>\n<p>Sem preju\u00edzo do cumprimento das normas legais relativas \u00e0 conserva\u00e7\u00e3o e transmiss\u00e3o de dados, a DWG CONSULTING apenas procede ao tratamento de dados que sejam necess\u00e1rios para cumprimento da finalidade para os quais estes tenham sido recolhidos. No momento da obten\u00e7\u00e3o do consentimento ser\u00e1 comunicada aos Clientes, fornecedores e utilizadores do website de que \u00e9 titular a DWG CONSULTING a finalidade da recolha, bem como ser-lhes-\u00e3o prestadas informa\u00e7\u00f5es mais detalhadas sobre a utiliza\u00e7\u00e3o que a DWG CONSULTING dar\u00e1 aos seus dados. Habitualmente, a DWG CONSULTING recolhe os seus dados pessoais para efeitos de marketing (Envio de Newsletters), gest\u00e3o da rela\u00e7\u00e3o contratual, presta\u00e7\u00e3o dos servi\u00e7os contratados, adequa\u00e7\u00e3o dos servi\u00e7os \u00e0s necessidades e interesses do Cliente, adapta\u00e7\u00e3o das ofertas \u00e0s necessidades dos Clientes, a\u00e7\u00f5es de informa\u00e7\u00e3o ou mesmo para resposta a quest\u00f5es que o Cliente dirija \u00e0 DWG CONSULTING ou outras comunica\u00e7\u00f5es que desencadeie. Poder\u00e3o, ainda, ser solicitados dados para outras finalidades, tais como para os efeitos do envio de reclama\u00e7\u00f5es e sugest\u00f5es ou difus\u00e3o de informa\u00e7\u00f5es institucionais do Grupo. De notar que, nos termos do RGPD, a utiliza\u00e7\u00e3o de dados pessoais tem de justificar-se ao abrigo de, pelo menos, um fundamento jur\u00eddico. No que se refere \u00e0 DWG CONSULTING, essa utiliza\u00e7\u00e3o tem lugar nas seguintes situa\u00e7\u00f5es: (a) tratamento tem lugar com base no consentimento do titular dos dados para o efeito (o consentimento pode, a todo o momento, ser retirado); (b) seja necess\u00e1rio para celebrar um contrato com o titular dos dados ou para proceder \u00e0 execu\u00e7\u00e3o do mesmo; (c) seja necess\u00e1rio para cumprimento das obriga\u00e7\u00f5es legais a que a DWG CONSULTING se encontre sujeita; (d) seja necess\u00e1rio para alcan\u00e7ar um interesse leg\u00edtimo e os motivos da DWG CONSULTING para a sua utiliza\u00e7\u00e3o prevale\u00e7am sobre os direitos de prote\u00e7\u00e3o de dados dos respetivos titulares; (e) for necess\u00e1rio para a declara\u00e7\u00e3o, exerc\u00edcio ou defesa de um direito num processo judicial.<\/p>\n<p><\/p>\n<p><strong><br><\/strong><\/p><p><strong>Utiliza\u00e7\u00e3o do Website<\/strong><\/p>\n<p>Os utilizadores do website da DWG CONSULTING podem navegar sem que lhes seja exigido o fornecimento de quaisquer informa\u00e7\u00f5es pessoais. No entanto, por raz\u00f5es distintas, \u00e9 ocasionalmente solicitada informa\u00e7\u00e3o dessa natureza, designadamente no \u00e2mbito do pedido de informa\u00e7\u00f5es. O Cliente ou utilizador, ao disponibilizar os seus dados \u00e0 DWG CONSULTING, est\u00e1 a consentir que estes sejam tratados de acordo com a presente Pol\u00edtica de Privacidade. Sem preju\u00edzo, a DWG CONSULTING n\u00e3o deixar\u00e1 de respeitar as formas de obten\u00e7\u00e3o de consentimento e de prestar todas as informa\u00e7\u00f5es legalmente exigidas. Os dados pessoais recolhidos atrav\u00e9s da utiliza\u00e7\u00e3o do website s\u00e3o tratados informaticamente e no estrito cumprimento da legisla\u00e7\u00e3o de prote\u00e7\u00e3o de dados pessoais, sendo armazenados em base de dados espec\u00edficas, criadas para o efeito e, em situa\u00e7\u00e3o alguma, os dados recolhidos ser\u00e3o utilizados para outra finalidade que n\u00e3o seja aquela para a qual foi dado o consentimento por parte do titular dos dados.<\/p>\n<p><\/p>\n<p><strong><br><\/strong><\/p><p><strong>Partilha de dados<\/strong><\/p>\n<p>Dentro da DWG CONSULTING, t\u00eam acesso aos seus dados os colaboradores que deles necessitam para cumprir as dilig\u00eancias ou obriga\u00e7\u00f5es contratuais \/ pr\u00e9-contratuais e legais. Os dados pessoais recolhidos poder\u00e3o, igualmente, ser partilhados com subcontratados, para que sejam estes a assegurar parte ou a totalidade das finalidades para os quais os dados tenham sido recolhidos. Poder\u00e3o, ainda, ser partilhados os dados pessoais recolhidos com subcontratados, para efeitos de alojamento e gest\u00e3o de equipamentos e sistemas inform\u00e1ticos. Nestes casos, a DWG CONSULTING compromete-se a assegurar a sua pol\u00edtica de seguran\u00e7a e privacidade, com essas entidades, atrav\u00e9s de uma criteriosa escolha das mesmas e garantindo que as entidades subcontratadas asseguram o respeito pelas regras impostas pela legisla\u00e7\u00e3o aplic\u00e1vel no que aos procedimentos de prote\u00e7\u00e3o de dados diz respeito, bem como \u00e0 garantia de exerc\u00edcio dos direitos dos titulares dos dados pessoais em causa. Por \u00faltimo, pode, ainda, a DWG CONSULTING partilhar os seus dados com a Autoridade Tribut\u00e1ria, entidades reguladoras ou judiciais, quando tal seja legalmente exig\u00edvel.<\/p>\n<p><\/p>\n<p><strong><br><\/strong><\/p><p><strong>Tempo de conserva\u00e7\u00e3o de dados pessoais<\/strong><\/p>\n<p>O per\u00edodo de tempo durante o qual os dados s\u00e3o armazenados e conservados varia de acordo com a finalidade para a qual a informa\u00e7\u00e3o \u00e9 tratada. Sempre que n\u00e3o exista uma exig\u00eancia legal especifica, os dados ser\u00e3o armazenados e conservados apenas pelo per\u00edodo m\u00ednimo necess\u00e1rio para as finalidades que motivaram a sua recolha ou o seu posterior tratamento ou, caso exista, pelo per\u00edodo de tempo autorizado pela Comiss\u00e3o Nacional de Prote\u00e7\u00e3o de Dados. Uma vez atingido o prazo m\u00e1ximo de conserva\u00e7\u00e3o, os seus dados pessoais ser\u00e3o anonimizados de forma irrevers\u00edvel (podendo os dados anonimizados ser conservados) ou ser\u00e3o destru\u00eddos de forma segura. Quando existam requisitos legais que obriguem a conservar os dados por um per\u00edodo de tempo m\u00ednimo, os dados ser\u00e3o mantidos por esse per\u00edodo de tempo.<\/p>\n<p><\/p>\n<p><strong><br><\/strong><\/p><p><strong>Direitos dos titulares dos dados pessoais<\/strong><\/p>\n<p>Nos termos da lei, s\u00e3o garantidos ao titular dos dados os seguintes direitos: direito de acesso, retifica\u00e7\u00e3o, limita\u00e7\u00e3o ou oposi\u00e7\u00e3o, portabilidade, esquecimento, oposi\u00e7\u00e3o a decis\u00f5es automatizadas e defini\u00e7\u00f5es de perfis. A DWG CONSULTING garante aos titulares dos dados legitimamente recolhidos o exerc\u00edcio dos referidos direitos. Em particular, cumpre assinalar que a DWG CONSULTING garante que o titular dos dados pode, a qualquer momento, opor-se ao tratamento dos seus dados e\/ou requerer o respetivo esquecimento. Sem preju\u00edzo do exerc\u00edcio dos direitos que assistem ao respetivo titular, o direito ao esquecimento pode exercer-se apenas quando (i) os dados deixem de ser necess\u00e1rios \u00e0 finalidade para que s\u00e3o tratados (quando se esgote o seu prazo de tratamento), (ii) seja retirado o consentimento pelo titular, (iii) este se oponha validamente ao tratamento e n\u00e3o existam interesses leg\u00edtimos prevalecentes que justifiquem o tratamento, (iv) os dados sejam tratados de modo il\u00edcito ou devam ser apagados por for\u00e7a da lei, ou ainda (v) respeitem a menores de 16 anos, na medida em que o consentimento n\u00e3o seja dado ou autorizado pelos titulares das responsabilidades parentais do menor. O exerc\u00edcio de quaisquer direitos poder\u00e1 efetuar-se atrav\u00e9s do endere\u00e7o de correio eletr\u00f3nico&nbsp;geral@dwg.pt&nbsp;ou dos demais contactos que a DWG CONSULTING disponibiliza acima j\u00e1 referidos. De notar que assiste, ainda, aos titulares dos dados o direito de apresentar reclama\u00e7\u00e3o junto da Comiss\u00e3o Nacional de Prote\u00e7\u00e3o de Dados (www.cnpd.pt).<\/p>\n<p><\/p>\n<p><strong><br><\/strong><\/p><p><strong>Altera\u00e7\u00f5es \u00e0 pol\u00edtica de privacidade<\/strong><\/p>\n<p>A DWG CONSULTING reserva-se o direito de, a qualquer altura, proceder a reajustamentos ou altera\u00e7\u00f5es \u00e0 presente Pol\u00edtica de Privacidade, sendo essas altera\u00e7\u00f5es devidamente publicitadas no website da DWG CONSULTING. Esta Pol\u00edtica de Privacidade ser\u00e1 periodicamente revista, para assegurar a sua permanente adequa\u00e7\u00e3o e adapta\u00e7\u00e3o aos mais elevados padr\u00f5es de rigor no que diz respeito \u00e0 prote\u00e7\u00e3o de dados. A utiliza\u00e7\u00e3o dos servi\u00e7os ap\u00f3s estas altera\u00e7\u00f5es implica a aceita\u00e7\u00e3o da pol\u00edtica de privacidade e futuras atualiza\u00e7\u00f5es.<\/p>\n<p><\/p>\t\t\t\t\t\t<\/div>\n\t\t\t\t<\/div>\n\t\t\t\t\t<\/div>\n\t\t\t\t<\/div>\n\t\t<div class=\"elementor-element elementor-element-14ab8ec e-flex e-con-boxed e-con e-parent\" data-id=\"14ab8ec\" data-element_type=\"container\" data-settings=\"{&quot;container_type&quot;:&quot;flex&quot;,&quot;content_width&quot;:&quot;boxed&quot;}\" data-core-v316-plus=\"true\">\n\t\t\t\t\t<div class=\"e-con-inner\">\n\t\t\t\t\t<\/div>\n\t\t\t\t<\/div>\n\t\t\t\t\t\t\t<\/div>","protected":false},"excerpt":{"rendered":"<p>POL\u00cdTICA DE PRIVACIDADE Declara\u00e7\u00e3o de privacidade A DWG CONSULTING est\u00e1 empenhada em proteger a privacidade dos seus Clientes e Fornecedores, e demais utilizadores do website de que \u00e9 titular. Neste contexto, elaborou a presente Pol\u00edtica de Privacidade com a finalidade de demonstrar o seu compromisso e respeito para com as regras de Privacidade, bem como &hellip;<\/p>\n<p class=\"read-more\"> <a class=\"\" href=\"https:\/\/dwg.pt\/en\/politicas-de-privacidade\/\"> <span class=\"screen-reader-text\">Pol\u00edticas de privacidade<\/span> Read More &raquo;<\/a><\/p>","protected":false},"author":1,"featured_media":0,"parent":0,"menu_order":0,"comment_status":"closed","ping_status":"closed","template":"","meta":{"site-sidebar-layout":"no-sidebar","site-content-layout":"page-builder","ast-global-header-display":"","ast-main-header-display":"","ast-hfb-above-header-display":"","ast-hfb-below-header-display":"","ast-hfb-mobile-header-display":"","site-post-title":"disabled","ast-breadcrumbs-content":"","ast-featured-img":"disabled","footer-sml-layout":"","theme-transparent-header-meta":"","adv-header-id-meta":"","stick-header-meta":"","header-above-stick-meta":"","header-main-stick-meta":"","header-below-stick-meta":"","footnotes":""},"_links":{"self":[{"href":"https:\/\/dwg.pt\/en\/wp-json\/wp\/v2\/pages\/2101"}],"collection":[{"href":"https:\/\/dwg.pt\/en\/wp-json\/wp\/v2\/pages"}],"about":[{"href":"https:\/\/dwg.pt\/en\/wp-json\/wp\/v2\/types\/page"}],"author":[{"embeddable":true,"href":"https:\/\/dwg.pt\/en\/wp-json\/wp\/v2\/users\/1"}],"replies":[{"embeddable":true,"href":"https:\/\/dwg.pt\/en\/wp-json\/wp\/v2\/comments?post=2101"}],"version-history":[{"count":19,"href":"https:\/\/dwg.pt\/en\/wp-json\/wp\/v2\/pages\/2101\/revisions"}],"predecessor-version":[{"id":2178,"href":"https:\/\/dwg.pt\/en\/wp-json\/wp\/v2\/pages\/2101\/revisions\/2178"}],"wp:attachment":[{"href":"https:\/\/dwg.pt\/en\/wp-json\/wp\/v2\/media?parent=2101"}],"curies":[{"name":"wp","href":"https:\/\/api.w.org\/{rel}","templated":true}]}}